{"id":2133,"date":"2022-05-25T08:31:37","date_gmt":"2022-05-25T08:31:37","guid":{"rendered":"https:\/\/hotellerv5.themegoods.com\/minimal\/?page_id=2133"},"modified":"2025-05-25T12:35:02","modified_gmt":"2025-05-25T12:35:02","slug":"terms-conditions","status":"publish","type":"page","link":"https:\/\/hotelhappy.de\/en\/terms-conditions\/","title":{"rendered":"ALLGEMEINE GESCH\u00c4FTSBEDINGUNGEN"},"content":{"rendered":"<div data-elementor-type=\"wp-page\" data-elementor-id=\"2133\" class=\"elementor elementor-2133\">\n\t\t\t\t<div class=\"elementor-element elementor-element-659b73ed e-flex e-con-boxed e-con e-parent\" data-id=\"659b73ed\" data-element_type=\"container\" data-settings=\"{&quot;hoteller_ext_is_background_parallax&quot;:&quot;false&quot;,&quot;hoteller_ext_is_background_backdrop&quot;:&quot;false&quot;,&quot;hoteller_ext_is_background_on_scroll&quot;:&quot;false&quot;,&quot;hoteller_ext_link_sidemenu&quot;:&quot;false&quot;,&quot;hoteller_ext_link_fullmenu&quot;:&quot;false&quot;,&quot;hoteller_ext_link_closed_fullmenu&quot;:&quot;false&quot;,&quot;hoteller_ext_is_scrollme&quot;:&quot;false&quot;,&quot;hoteller_ext_is_smoove&quot;:&quot;false&quot;,&quot;hoteller_ext_is_parallax_mouse&quot;:&quot;false&quot;,&quot;hoteller_ext_is_infinite&quot;:&quot;false&quot;,&quot;hoteller_ext_is_fadeout_animation&quot;:&quot;false&quot;,&quot;hoteller_ext_mobile_static&quot;:&quot;false&quot;}\">\n\t\t\t\t\t<div class=\"e-con-inner\">\n\t\t\t\t<div class=\"elementor-element elementor-element-5a90331a elementor-widget elementor-widget-text-editor\" data-id=\"5a90331a\" data-element_type=\"widget\" data-settings=\"{&quot;hoteller_ext_link_sidemenu&quot;:&quot;false&quot;,&quot;hoteller_ext_link_fullmenu&quot;:&quot;false&quot;,&quot;hoteller_ext_link_closed_fullmenu&quot;:&quot;false&quot;,&quot;hoteller_ext_is_scrollme&quot;:&quot;false&quot;,&quot;hoteller_ext_is_smoove&quot;:&quot;false&quot;,&quot;hoteller_ext_is_parallax_mouse&quot;:&quot;false&quot;,&quot;hoteller_ext_is_infinite&quot;:&quot;false&quot;,&quot;hoteller_ext_is_fadeout_animation&quot;:&quot;false&quot;,&quot;hoteller_ext_mobile_static&quot;:&quot;false&quot;}\" data-widget_type=\"text-editor.default\">\n\t\t\t\t<div class=\"elementor-widget-container\"><p><strong>ALLGEMEINE GESCH\u00c4FTSBEDINGUNGEN\u00a0 (english version see below)<\/strong><\/p>\n<p>Hotel\u00a0Happy<\/p>\n<p>Die Allgemeinen Gesch\u00e4ftsbedingungen, die Sie bei der Buchung akzeptieren, regeln die Beziehungen zwischen Ihnen und dem Hotel Happy. Lesen Sie es sorgf\u00e4ltig.\u00a0<\/p>\n<ol>\n<li>Der Vertrag kommt zustande, wenn ein Zimmer bestellt und zugesagt wird. Der Abschluss des Vertrages verpflichtet das Hotel, das Angebot f\u00fcr die Dauer des Vertrages zu erf\u00fcllen. Optionsdaten sind f\u00fcr beide Parteien verbindlich. Das Hotel beh\u00e4lt sich das Recht vor, das vereinbarte Zimmer nach Ablauf des Optionsdatums zur Vermietung freizugeben.<\/li>\n<li>Bei den angegebenen Preisen handelt es sich um die Preise, die bei Vertragsschluss g\u00fcltig sind, notwendige kleine Abweichungen und \u00c4nderungen vorbehalten.\u00a0<\/li>\n<li><b>Die Touristensteuer<\/b>\u00a0wird bei der Ankunft im\u00a0Hotel\u00a0Happy\u00a0bezahlt und ist daher nicht im Preis inbegriffen.<\/li>\n<li>Das Hotelzimmer ist am\u00a0<b>Anreisetag ab 14.00 Uhr und am Abreisetag bis 10.30 Uhr<\/b>\u00a0f\u00fcr den Gast reserviert. Wenn eine versp\u00e4tete Ankunft dem Hotel nicht ausdr\u00fccklich mitgeteilt wird, beh\u00e4lt sich das Hotel das Recht vor, das Zimmer nach 18.00 Uhr zu vergeben. Der Gast kann bestimmte Zimmer nicht beanspruchen. Ist das vereinbarte Zimmer aus irgendeinem Grund nicht verf\u00fcgbar, ist das Hotel verpflichtet, ein gleichwertiges Zimmer in einem anderen Hotel in unmittelbarer N\u00e4he zur Verf\u00fcgung zu stellen. Der Gast kann entweder den Vertrag k\u00fcndigen, um ein Zimmer zu buchen, oder die Vertragsdauer vor der Ankunft \u00e4ndern. Es gelten jedoch die folgenden Bedingungen:<\/li>\n<\/ol>\n<p>\u00a0 Ank\u00fcnfte innerhalb von 6 Wochen m\u00fcssen innerhalb von 3 Tagen bezahlt werden.<\/p>\n<p>\u00a0\u00a0Abweichungen von der Vereinbarung wie Stornierung oder Umbuchung m\u00fcssen schriftlich festgehalten werden.<\/p>\n<ol start=\"5\">\n<li>Wenn der geplante Aufenthalt aufgrund unvorhergesehener Ereignisse wie Naturkatastrophen, Krieg oder nationale Unruhen als zu gef\u00e4hrlich erachtet wird, hat das Hotel das Recht, den Vertrag aufzul\u00f6sen.<\/li>\n<li>Alle G\u00e4ste m\u00fcssen die Hausordnung des Hotels\u00a0Happy beachten. Bei Verst\u00f6\u00dfen gegen die Hausordnung hat das Hotel das Recht, den Vertrag zu k\u00fcndigen, ohne dass der Vertrag zur\u00fcckgegeben wird.<\/li>\n<\/ol>\n<p>7. Das Hotel akzeptiert nicht:<\/p>\n<p>* Alkoholmissbrauch und \/ oder Drogenkonsum<\/p>\n<p>* \u00c4rgernis<\/p>\n<p>* Schaden verursachen (mutwillig). Dies wird dem T\u00e4ter mitgeteilt<\/p>\n<p>* \u00dcberm\u00e4\u00dfiges Verhalten<\/p>\n<ol start=\"8\">\n<li>Falls eine der Allgemeinen Gesch\u00e4ftsbedingungen nicht verwendbar ist, ber\u00fchrt dies die anderen Allgemeinen Gesch\u00e4ftsbedingungen nicht.<\/li>\n<li>Druckfehler und \u00c4nderungen stellen keine Verpflichtung des Hotel\u00a0Happy dar.<\/li>\n<\/ol>\n<div>\n<p>F\u00fcr\u00a0l\u00e4ngere Aufenthalte gew\u00e4hren wir\u00a0Sonderkonditionen.<\/p>\n<p>Please contact us!<\/p>\n<p class=\"translation-block\">For reservation enquiries and general information, please feel free to contact us by phone at any time, or use our contact form under Contact.<\/p>\n<p><b><span style=\"text-decoration: underline;\">Stornierungsbedingungen:<\/span>\u00a0<\/b><\/p>\n<p><b>Stornierungen<\/b>\u00a0sind bis zu\u00a0<b>1 Tag<\/b>\u00a0vor\u00a0der Anreise m\u00f6glich.(letzter Tag der kostenlosen Stornierung: Anreisedatum &#8211; 1 Tag)\u00a0<\/p>\n<p>Stornierungen und \u00c4nderungen, die versp\u00e4tet erfolgen oder Nichtanreisen werden mit dem Gesamtbetrag berechnet. Bitte \u00fcberpr\u00fcfen Sie Ihre Reiseplanung sorgf\u00e4ltig vor der Buchung.<\/p>\n<p>Denken Sie an Ihre Reiser\u00fccktrittsversicherung. &#8222;Ein Unfall lauert in jener kleinen Ecke&#8220;.<\/p>\n<\/div>\n<p><span style=\"text-decoration: underline;\"><strong>IMPRESSUM<\/strong><\/span><\/p>\n<p>Gesch\u00e4ftsf\u00fchrerin:<\/p>\n<p>Qian, Wenying<\/p>\n<p>Herausgeber und Copyright:<\/p>\n<p>Hotel Happy<\/p>\n<p>Bleek 7, 24576Bad Bramstedt<\/p>\n<p>Telefon 04192-1438<\/p>\n<p>E-Mail:\u00a0<a href=\"mailto:info@hotelhappy.de\">info@hotelhappy.de<\/a><\/p>\n<p><span style=\"text-decoration: underline;\"><strong>Buchungsprozess<\/strong><\/span><\/p>\n<p>Um eine Buchung bei uns vorzunehmen, muss der Hauptgast mindestens 16 Jahre alt sein. Die maximale Anzahl der G\u00e4ste pro Zimmer ist in den Angaben zur Zimmerbelegung auf der Website angegeben. Wenn die Person, die die Buchung vornimmt, nicht mit dem Hauptgast identisch ist, der die Belegung vornimmt, kann die Person, die die Buchung vornimmt, f\u00fcr Stornierung, Nichtanreise und Sch\u00e4den verantwortlich gemacht werden, wie in der Beschreibung angegeben. Nur der Hauptgast und die namentlich genannte Buchungspartei d\u00fcrfen das Haus und seine Einrichtungen nutzen, Dritten ist der Zugang nur mit unserer ausdr\u00fccklichen Genehmigung gestattet.<\/p>\n<p>Um eine Buchung zu sichern, ist eine Anzahlung im Voraus zu leisten, die H\u00f6he der Anzahlung betr\u00e4gt = .<br \/>Die Anzahlung muss frei verf\u00fcgbar sein, bevor eine Buchung best\u00e4tigt werden kann. Kautionen werden nur unter den hier genannten Bedingungen zur\u00fcckerstattet.<\/p>\n<p>Zahlungen k\u00f6nnen online\/telefonisch per Debit-\/Kreditkarte sowie per digitaler Bank\u00fcberweisung, Scheck oder Bareinzahlung erfolgen. Alle Geb\u00fchren, die uns von unseren Banken f\u00fcr die Bearbeitung nicht eingel\u00f6ster Schecks, \u00dcberweisungen oder sonstiger Zahlungen in Rechnung gestellt werden, m\u00fcssen vom Hauptgast innerhalb von sieben (7) Tagen nach einer entsprechenden Aufforderung erstattet werden.<\/p>\n<p>Alle G\u00e4ste verpflichten sich, die Privatsph\u00e4re und die Ruhe der anderen G\u00e4ste, der Nachbarn und des Eigent\u00fcmers zu respektieren. Wir behalten uns das Recht vor, eine Buchung mit sofortiger Wirkung zu stornieren, wenn G\u00e4ste sich nicht an diese Vereinbarung halten oder andere G\u00e4ste, Nachbarn oder die Eigent\u00fcmer st\u00f6ren oder bel\u00e4stigen.<\/p>\n<p>\u00a0<\/p>\n<p><br \/><span style=\"text-decoration: underline;\"><strong>Einchecken und Auschecken<\/strong><\/span><\/p>\n<p>Die G\u00e4ste m\u00fcssen zu den unten angegebenen Zeiten ein- und auschecken;<\/p>\n<p>Einchecken bis: 14:00 Uhr und vor 22:30 Uhr am Tag der Ankunft<br \/>Auschecken bis: 11:00 Uhr am Tag der Abreise<\/p>\n<p><span style=\"text-decoration: underline;\"><strong>Stornierung, R\u00fcckgabe der Kaution und Nichtanreisebedingungen<\/strong><\/span><\/p>\n<p>G\u00e4ste, die eine Buchung stornieren m\u00fcssen, sollten uns so schnell wie m\u00f6glich kontaktieren. Bereits geleistete Anzahlungen werden nur unter den folgenden Bedingungen zur\u00fcckerstattet;<\/p>\n<p>Stornierung 1 Tag oder mehr vor dem Anreisedatum = volle R\u00fcckerstattung der Anzahlung<br \/>Stornierung 23 Stunden oder weniger vor dem Anreisedatum = Keine R\u00fcckerstattung, der volle Buchungsbetrag wird f\u00e4llig<\/p>\n<p>G\u00e4ste, die nicht anreisen k\u00f6nnen oder aus irgendeinem Grund nicht anreisen, verlieren ihre Anzahlung und der volle Betrag der Buchung wird f\u00e4llig. Es wird empfohlen, dass die buchenden G\u00e4ste eine entsprechende Urlaubs-\/R\u00fccktrittsversicherung abschlie\u00dfen, falls erforderlich.<\/p>\n<p>F\u00fcr den seltenen Fall, dass wir Ihre Buchung bei uns stornieren m\u00fcssen, beachten Sie bitte, dass wir f\u00fcr Umst\u00e4nde, die au\u00dferhalb unserer Kontrolle liegen, nicht haftbar gemacht werden k\u00f6nnen und dass sich unsere Haftung Ihnen gegen\u00fcber auf die R\u00fcckerstattung bereits geleisteter Zahlungen beschr\u00e4nkt.<\/p>\n<p>WiFi-Richtlinie zur fairen und angemessenen Nutzung<\/p>\n<p>Wenn ein WiFi-Internetzugang zur Verf\u00fcgung gestellt wird, verpflichten sich die G\u00e4ste, diesen Zugang zum Internet fair und angemessen zu nutzen. Wir sind berechtigt, die Netzwerkleistung und die Nutzung durch die G\u00e4ste zu \u00fcberwachen, um ein faires und hohes Serviceniveau f\u00fcr alle unsere G\u00e4ste zu gew\u00e4hrleisten.<\/p>\n<p>Der zur Verf\u00fcgung gestellte Internetzugang ist f\u00fcr die allgemeine Nutzung gedacht, z. B. f\u00fcr den Zugriff auf das World Wide Web, E-Mail, Messaging, soziale Medien, leichtes Video-\/Musik-\/Medienstreaming. Er ist nicht f\u00fcr umfangreiches Media-Streaming, Online-Gaming, umfangreiche Downloads \/ Uploads gedacht oder ideal geeignet. Der Zugang zu illegalen Aktivit\u00e4ten oder die Nutzung unseres Netzwerks f\u00fcr illegale Aktivit\u00e4ten ist verboten und wird den \u00f6rtlichen Beh\u00f6rden gemeldet.<\/p>\n<p>Sch\u00e4den und verlorenes Eigentum<\/p>\n<p>Wir behalten uns das Recht vor, dem Hauptgast alle Sch\u00e4den in Rechnung zu stellen, die im Laufe einer Buchung durch ein Mitglied der buchenden Gruppe verursacht werden. Dazu geh\u00f6ren Bruchsch\u00e4den, versch\u00fcttete Fl\u00fcssigkeiten, Flecken, Sch\u00e4den an M\u00f6beln oder Einrichtungsgegenst\u00e4nden und Armaturen. Alle versehentlichen Sch\u00e4den sollten so schnell wie m\u00f6glich gemeldet werden, um den Schaden und die damit verbundenen Kosten zu minimieren. Bei Verlust von Schl\u00fcsseln \/ Anh\u00e4ngern \/ Zugangskarten wird eine Ersatzgeb\u00fchr pro verlorenem Schl\u00fcssel \/ Anh\u00e4nger \/ Karte erhoben.<\/p>\n<p>Alle verlorenen Gegenst\u00e4nde, die von den G\u00e4sten w\u00e4hrend ihres Aufenthalts zur\u00fcckgelassen werden, werden f\u00fcr einen Zeitraum von 1 Monat aufbewahrt, falls sie gefunden werden. Wir bem\u00fchen uns zwar nach Kr\u00e4ften, verlorene Gegenst\u00e4nde ihren Besitzern zur\u00fcckzugeben, \u00fcbernehmen jedoch keine Verantwortung f\u00fcr den Ersatz verlorener Gegenst\u00e4nde und empfehlen unseren G\u00e4sten, sich vor dem Auschecken zu vergewissern, dass sie alle ihre Gegenst\u00e4nde bei sich haben. Wir k\u00f6nnen anbieten, verlorene Gegenst\u00e4nde auf Kosten des Eigent\u00fcmers per Einschreiben zu verschicken, andernfalls kann eine Abholung organisiert werden.<\/p>\n<p><strong>Rauchen<\/strong><\/p>\n<p>Das Rauchen von Tabakprodukten, einschlie\u00dflich, aber nicht beschr\u00e4nkt auf Zigaretten, Pfeifen, E-Zigaretten, E-Liquids, Zigarren, Schnupftabak oder Kautabak, ist nur in ausgewiesenen Bereichen erlaubt, die auf dem gesamten Gel\u00e4nde der Unterkunft ausgeschildert sind, und steht im Einklang mit dem Gesundheitsgesetz 2006.<\/p>\n<p>Das Rauchen in den Zimmern ist nicht gestattet.<\/p>\n<p>Haustiere und Diensthunde<\/p>\n<p>Wir akzeptieren gut erzogene Hunde gegen eine zus\u00e4tzliche Geb\u00fchr von 12,- \u20ac pro Hund, bis zu einem Maximum von 2 Hunden.<\/p>\n<p><strong>Parken<\/strong><\/p>\n<p>Soweit Parkpl\u00e4tze vor Ort vorhanden sind, parken die G\u00e4ste ihre Fahrzeuge auf eigene Gefahr.<\/p>\n<p><strong>Haftungsausschluss:<\/strong><\/p>\n<p>Die Informationen auf dieser Website wurden mit aller<\/p>\n<p>Sorgfalt zusammengestellt und \u00fcberpr\u00fcft.<\/p>\n<p>Dennoch k\u00f6nnen wir f\u00fcr ihre Aktualit\u00e4t, Richtigkeit, Vollst\u00e4ndigkeit und\/oder Qualit\u00e4t keinerlei Verantwortung \u00fcbernehmen. Die Benutzung dieser Website und das Herunterladen von<\/p>\n<p>Daten erfolgt auf eigene Gefahr.<\/p>\n<p>Hotel Happy \u00fcbernimmt keine Verantwortung f\u00fcr hierauf entstehende Sch\u00e4den, insbesondere an Datenbest\u00e4nden, Hard- und\/oder Software des Benutzers.\u3000<\/p>\n<p>The General Terms and Conditions, which you accept when booking, govern the relationship between you and Hotel Happy. Please read them carefully.<\/p><p>The contract is concluded when a room is ordered and confirmed. The conclusion of the contract obliges the hotel to fulfill the offer for the duration of the contract. Option dates are binding for both parties. The hotel reserves the right to release the agreed room for rental after the option date has expired.<br \/>The prices quoted are the prices valid at the time of conclusion of the contract, subject to minor variations and changes.<br \/>The tourist tax is paid on arrival at Hotel Happy and is therefore not included in the price.<br \/>The hotel room is reserved for the guest from 2 p.m. on the day of arrival and until 10.30 a.m. on the day of departure. If a late arrival is not expressly notified to the hotel, the hotel reserves the right to allocate the room after 6.00 pm. The guest cannot claim certain rooms. If the agreed room is not available for any reason, the hotel is obliged to provide an equivalent room in another hotel in the immediate vicinity. The guest can either cancel the contract to book a room or change the contract period before arrival. However, the following conditions apply:<\/p><p>Arrivals within 6 weeks must be paid within 3 days.<\/p><p>Any deviations from the agreement, such as cancellation or rebooking, must be recorded in writing.<\/p><p>If the planned stay is deemed too dangerous due to unforeseen events such as natural disasters, war or national unrest, the hotel has the right to terminate the contract.<br \/>All guests must observe the house rules of Hotel Happy. In case of violation of the house rules, the hotel has the right to terminate the contract without returning the contract.<\/p><p>\u00a0<\/p><p>The hotel does not accept:<\/p><p>\u00a0<\/p><ul class=\"wp-block-list\"><li>Alcohol abuse and \/ or drug use<\/li><li>causing a nuisance<\/li><li>Causing damage (willfully). This will be communicated to the offender<\/li><li>Excessive behavior<\/li><\/ul><p>If one of the general terms and conditions is not applicable, this does not affect the other general terms and conditions.<br \/>Printing errors and changes do not constitute an obligation on the part of Hotel Happy.<\/p><p>We grant special conditions for longer stays.<br \/>Please contact us!<br \/>For reservation inquiries and general information, please do not hesitate to contact us by telephone or use our contact form under contact.<\/p><p><strong>Cancellation policy:<\/strong><br \/>Free cancellations are possible up to 1 day prior to arrival (last day of free cancellation: date of arrival &#8211; 1 day)<br \/>If canceled or modified later or in case of no-show, the total price of the reservation will be charged. Please check your travel plans carefully before booking.<br \/>Remember your travel cancellation insurance. \u201cAn accident lurks in that little corner\u201d.<\/p><p>IMPRINT<\/p><p>General Manager:<\/p><p>Qian, Wenying<\/p><p>Publisher and copyright:<\/p><p>Hotel Happy<\/p><p>Bleeck 7, 24576Bad Bramstedt<\/p><p>Phone 04192-1438<\/p><p>E-Mail: info@hotelhappy.de<\/p><p>Disclaimer:<\/p><p>The information on this website has been compiled and checked carefully compiled and checked. Nevertheless, we cannot guarantee that it is up-to-date, correct, completeness and\/or quality responsibility.<\/p><p>The use of this website and the downloading of data is at your own risk.<\/p><p>Hotel Happy accepts no responsibility for any damage resulting damage, in particular to the user&#8217;s data hardware and\/or software of the user.\u3000<\/p><p>\u00a0<\/p><h3 class=\"wp-block-heading\">Booking Process<\/h3><p>To place a booking with us the lead guest must be at least 16 years of age. The maximum number of staying guests per room is illustrated in the room occupancy details on the website. Where the person making the booking is different to the lead guest taking up the occupation, the person making the booking may be held responsible for cancellation, non-arrival and damages as set-out within. Only the lead guest and the named booking party are allowed to use the property and its facilities, any third party visitors are only allowed access at our express permission.<\/p><p>To secure any booking we require a deposit to be paid in advance, this deposit amount is = .<br \/>Deposit payments must be &#8218;cleared funds&#8216; before a booking can be confirmed. Deposits are only refundable under the conditions set-out here within.<\/p><p>Payments can be made online \/ over the phone using debit \/ credit card as well as by digital bank transfer, cheque or cash deposit. Any charges raised against us by our banks for handling dishonoured cheque&#8217;s, bank transfers or any other payments, must be reimbursed by the lead guest within seven (7) days of any request to do so.<\/p><p>All guests agree to respect the privacy and peace of all other staying guests, neighbours and the owners at all times. We reserve the right to cancel a booking with immediate effect if guests are not honouring this agreement or causing a disturbance \/ nuisance to other guests, neighbours or the owners.<\/p><p>\u00a0<\/p><h3 class=\"wp-block-heading\">Check-in &amp; Check-out<\/h3><p>Guests must check-in and check-out by the times stated below;<\/p><ul class=\"wp-block-list\"><li>Check-in by: 14:00pm and before 22:30pm on day of arrival<\/li><li>Check-out by: 11:00am on day of departure<\/li><\/ul><p>\u00a0<\/p><h3 class=\"wp-block-heading\">Cancellation, Returned Deposit &amp; Non-Arrival Conditions<\/h3><p>Guest who need to cancel a booking should contact us as soon as possible. Deposits already paid are only returned in accordance with the following conditions;<\/p><ul class=\"wp-block-list\"><li>Cancellation made 1 day or more in advance of arrival date = Full deposit refund<\/li><li>Cancellation made 23 hours or less of arrival date = No refund issued, full amount of booking due<\/li><\/ul><p>Non-arrival guests, who are unable to attend or fail to attend for whatever reason forfeit their deposit paid and the full amount of the booking will be due. It is suggested that booking guests take out appropriate holiday \/ cancellation insurance where required.<\/p><p>In the rare event we need to cancel your booking with us, please be aware that we cannot be held liable for circumstances beyond our control and that our liability to you is limited to the refund of any payment already made.<\/p><h3 class=\"wp-block-heading\">WiFi Fair &amp; Appropriate Usage Policy<\/h3><p>Where WiFi Internet access is provided, guests accept to use this access to the Internet fairly and appropriately. We may monitor network performance and user usage in order to maintain a fair and high level of service to all our guests.<\/p><p>The Internet access provided is intended for general use such as access to the world wide web, email, messaging, social media, light video \/ music \/ media streaming. It is not intended or ideally suited for heavy media streaming, online gaming, extensive downloads \/ uploads. Access to illegal activity or use of our network for illegal activity is prohibited and will be reported to local authorities.<\/p><h3 class=\"wp-block-heading\">Damages &amp; Lost Property<\/h3><p>We reserve the right to charge the lead guest for any damages caused through the course of a booking by any member of the booking party. This includes breakages, spillages, stains, damage to furniture or fixtures and fittings. Any accidental damages should be reported as soon as possible in order to minimise damage and associated costs. Lost keys \/ fobs \/ access cards will incur a replacement charge per key \/ fob \/ card lost.<\/p><p>Any lost property, if discovered and found, left behind by guests during a stay will be held for a period of 1 month. While we will make our best efforts to reunite lost property with their owners we accept no responsibility in replacing lost items and encourage guests to ensure they have all their belonging before checking-out. We may offer to post lost items via recorded delivery at the cost of the property owner, otherwise collection can be arranged.<\/p><h3 class=\"wp-block-heading\">Smoking<\/h3><p>Smoking of any tobacco products including, but not limited to cigarettes, pipes, e-cigarettes, e-liquids, cigars, snuff or chewing tobacco, is only allowed in designated areas as sign posted throughout the accommodation grounds and is in accordance with the Health Act 2006.<\/p><p>Smoking in the room is not permitted.<\/p><h3 class=\"wp-block-heading\">Pets &amp; Service Dogs<\/h3><p>We accept well behaved dogs for the additional fee of 12,- \u20ac per dog, to a maximum of 2 dogs.<\/p><h3 class=\"wp-block-heading\">Parking<\/h3><p>Where on-site parking is provided guests accept that they park their vehicles at their own risk.<\/p><p>\u00a0<\/p><\/div>\n\t\t\t\t<\/div>\n\t\t\t\t\t<\/div>\n\t\t\t\t<\/div>\t\t<\/div>","protected":false},"excerpt":{"rendered":"<p>ALLGEMEINE GESCH\u00c4FTSBEDINGUNGEN\u00a0 (english version see below) Hotel\u00a0Happy Die Allgemeinen Gesch\u00e4ftsbedingungen, die Sie bei der Buchung akzeptieren, regeln die Beziehungen zwischen Ihnen und dem Hotel Happy. Lesen Sie es sorgf\u00e4ltig.\u00a0 Der Vertrag kommt zustande, wenn ein Zimmer bestellt und zugesagt wird. [&hellip;]<\/p>","protected":false},"author":1,"featured_media":0,"parent":0,"menu_order":0,"comment_status":"closed","ping_status":"closed","template":"","meta":{"_monsterinsights_skip_tracking":false,"_monsterinsights_sitenote_active":false,"_monsterinsights_sitenote_note":"","_monsterinsights_sitenote_category":0,"_uf_show_specific_survey":0,"_uf_disable_surveys":false,"footnotes":""},"class_list":["post-2133","page","type-page","status-publish","hentry"],"aioseo_notices":[],"jetpack_sharing_enabled":true,"_links":{"self":[{"href":"https:\/\/hotelhappy.de\/en\/wp-json\/wp\/v2\/pages\/2133","targetHints":{"allow":["GET"]}}],"collection":[{"href":"https:\/\/hotelhappy.de\/en\/wp-json\/wp\/v2\/pages"}],"about":[{"href":"https:\/\/hotelhappy.de\/en\/wp-json\/wp\/v2\/types\/page"}],"author":[{"embeddable":true,"href":"https:\/\/hotelhappy.de\/en\/wp-json\/wp\/v2\/users\/1"}],"replies":[{"embeddable":true,"href":"https:\/\/hotelhappy.de\/en\/wp-json\/wp\/v2\/comments?post=2133"}],"version-history":[{"count":5,"href":"https:\/\/hotelhappy.de\/en\/wp-json\/wp\/v2\/pages\/2133\/revisions"}],"predecessor-version":[{"id":2299,"href":"https:\/\/hotelhappy.de\/en\/wp-json\/wp\/v2\/pages\/2133\/revisions\/2299"}],"wp:attachment":[{"href":"https:\/\/hotelhappy.de\/en\/wp-json\/wp\/v2\/media?parent=2133"}],"curies":[{"name":"wp","href":"https:\/\/api.w.org\/{rel}","templated":true}]}}