{"id":632,"date":"2020-08-20T06:21:36","date_gmt":"2020-08-20T06:21:36","guid":{"rendered":"http:\/\/themes.themegoods.com\/hoteller\/sites2\/?page_id=632"},"modified":"2025-05-25T20:22:13","modified_gmt":"2025-05-25T20:22:13","slug":"our-restaurant","status":"publish","type":"page","link":"https:\/\/hotelhappy.de\/en\/our-restaurant\/","title":{"rendered":"Our Restaurant"},"content":{"rendered":"<div data-elementor-type=\"wp-page\" data-elementor-id=\"632\" class=\"elementor elementor-632\">\n\t\t\t\t\t\t<section class=\"elementor-section elementor-top-section elementor-element elementor-element-f78ff6f elementor-section-stretched elementor-section-height-min-height elementor-section-content-bottom elementor-section-items-bottom elementor-section-boxed elementor-section-height-default\" data-id=\"f78ff6f\" data-element_type=\"section\" data-settings=\"{&quot;stretch_section&quot;:&quot;section-stretched&quot;,&quot;background_background&quot;:&quot;classic&quot;,&quot;hoteller_ext_is_background_parallax&quot;:&quot;true&quot;,&quot;hoteller_ext_is_background_parallax_speed&quot;:{&quot;unit&quot;:&quot;px&quot;,&quot;size&quot;:0.1,&quot;sizes&quot;:[]},&quot;hoteller_ext_is_background_backdrop&quot;:&quot;false&quot;,&quot;hoteller_ext_is_background_on_scroll&quot;:&quot;false&quot;}\">\n\t\t\t\t\t\t\t<div class=\"elementor-background-overlay\"><\/div>\n\t\t\t\t\t\t\t<div class=\"elementor-container elementor-column-gap-default\">\n\t\t\t\t\t<div class=\"elementor-column elementor-col-50 elementor-top-column elementor-element elementor-element-7003d98\" data-id=\"7003d98\" data-element_type=\"column\" data-settings=\"{&quot;hoteller_ext_link_sidemenu&quot;:&quot;false&quot;,&quot;hoteller_ext_link_fullmenu&quot;:&quot;false&quot;,&quot;hoteller_ext_link_closed_fullmenu&quot;:&quot;false&quot;,&quot;hoteller_ext_is_scrollme&quot;:&quot;false&quot;,&quot;hoteller_ext_is_smoove&quot;:&quot;false&quot;,&quot;hoteller_ext_is_parallax_mouse&quot;:&quot;false&quot;,&quot;hoteller_ext_is_infinite&quot;:&quot;false&quot;,&quot;hoteller_ext_is_fadeout_animation&quot;:&quot;false&quot;,&quot;hoteller_ext_mobile_static&quot;:&quot;false&quot;}\">\n\t\t\t<div class=\"elementor-widget-wrap elementor-element-populated\">\n\t\t\t\t\t\t<div class=\"elementor-element elementor-element-e0f512c elementor-widget elementor-widget-hoteller-animated-text\" data-id=\"e0f512c\" data-element_type=\"widget\" data-settings=\"{&quot;hoteller_ext_is_fadeout_animation&quot;:&quot;true&quot;,&quot;hoteller_ext_is_fadeout_animation_velocity&quot;:{&quot;unit&quot;:&quot;px&quot;,&quot;size&quot;:0.4,&quot;sizes&quot;:[]},&quot;hoteller_ext_link_sidemenu&quot;:&quot;false&quot;,&quot;hoteller_ext_link_fullmenu&quot;:&quot;false&quot;,&quot;hoteller_ext_link_closed_fullmenu&quot;:&quot;false&quot;,&quot;hoteller_ext_is_scrollme&quot;:&quot;false&quot;,&quot;hoteller_ext_is_smoove&quot;:&quot;false&quot;,&quot;hoteller_ext_is_parallax_mouse&quot;:&quot;false&quot;,&quot;hoteller_ext_is_infinite&quot;:&quot;false&quot;,&quot;hoteller_ext_is_fadeout_animation_direction&quot;:&quot;up&quot;,&quot;hoteller_ext_mobile_static&quot;:&quot;false&quot;}\" data-widget_type=\"hoteller-animated-text.default\">\n\t\t\t\t<div class=\"elementor-widget-container\">\n\t\t\t\t\t<div class=\"themegoods-animated-text text-alignment-left transition-bottom overflow-hidden\" data-delimiter=\"word\" data-transition=\"100\" data-transition-delay=\"0\" data-transition-duration=\"800\">\n\t\t<h1>\n\t\tWir bieten ein Fr\u00fchst\u00fccksbuffet mit gesunder Ern\u00e4hrung!\t<\/h1>\n\t<\/div>\t\t\t\t<\/div>\n\t\t\t\t<\/div>\n\t\t\t\t<div class=\"elementor-element elementor-element-7f8253d elementor-widget elementor-widget-hoteller-animated-text\" data-id=\"7f8253d\" data-element_type=\"widget\" data-settings=\"{&quot;hoteller_ext_is_fadeout_animation&quot;:&quot;true&quot;,&quot;hoteller_ext_is_fadeout_animation_velocity&quot;:{&quot;unit&quot;:&quot;px&quot;,&quot;size&quot;:0.3,&quot;sizes&quot;:[]},&quot;hoteller_ext_link_sidemenu&quot;:&quot;false&quot;,&quot;hoteller_ext_link_fullmenu&quot;:&quot;false&quot;,&quot;hoteller_ext_link_closed_fullmenu&quot;:&quot;false&quot;,&quot;hoteller_ext_is_scrollme&quot;:&quot;false&quot;,&quot;hoteller_ext_is_smoove&quot;:&quot;false&quot;,&quot;hoteller_ext_is_parallax_mouse&quot;:&quot;false&quot;,&quot;hoteller_ext_is_infinite&quot;:&quot;false&quot;,&quot;hoteller_ext_is_fadeout_animation_direction&quot;:&quot;up&quot;,&quot;hoteller_ext_mobile_static&quot;:&quot;false&quot;}\" data-widget_type=\"hoteller-animated-text.default\">\n\t\t\t\t<div class=\"elementor-widget-container\">\n\t\t\t\t\t<div class=\"themegoods-animated-text text-alignment-left transition-bottom overflow-hidden\" data-delimiter=\"word\" data-transition=\"100\" data-transition-delay=\"300\" data-transition-duration=\"800\">\n\t\t<h2>\n\t\t\t<\/h2>\n\t<\/div>\t\t\t\t<\/div>\n\t\t\t\t<\/div>\n\t\t\t\t<div class=\"elementor-element elementor-element-2ef2476 elementor-widget elementor-widget-hoteller-animated-text\" data-id=\"2ef2476\" data-element_type=\"widget\" data-settings=\"{&quot;hoteller_ext_is_fadeout_animation&quot;:&quot;true&quot;,&quot;hoteller_ext_is_fadeout_animation_velocity&quot;:{&quot;unit&quot;:&quot;px&quot;,&quot;size&quot;:0.1,&quot;sizes&quot;:[]},&quot;hoteller_ext_link_sidemenu&quot;:&quot;false&quot;,&quot;hoteller_ext_link_fullmenu&quot;:&quot;false&quot;,&quot;hoteller_ext_link_closed_fullmenu&quot;:&quot;false&quot;,&quot;hoteller_ext_is_scrollme&quot;:&quot;false&quot;,&quot;hoteller_ext_is_smoove&quot;:&quot;false&quot;,&quot;hoteller_ext_is_parallax_mouse&quot;:&quot;false&quot;,&quot;hoteller_ext_is_infinite&quot;:&quot;false&quot;,&quot;hoteller_ext_is_fadeout_animation_direction&quot;:&quot;up&quot;,&quot;hoteller_ext_mobile_static&quot;:&quot;false&quot;}\" data-widget_type=\"hoteller-animated-text.default\">\n\t\t\t\t<div class=\"elementor-widget-container\">\n\t\t\t\t\t<div class=\"themegoods-animated-text text-alignment-left transition-bottom overflow-hidden\" data-delimiter=\"word\" data-transition=\"100\" data-transition-delay=\"500\" data-transition-duration=\"800\">\n\t\t<span>\n\t\t\t<\/span>\n\t<\/div>\t\t\t\t<\/div>\n\t\t\t\t<\/div>\n\t\t\t\t\t<\/div>\n\t\t<\/div>\n\t\t\t\t<div class=\"elementor-column elementor-col-50 elementor-top-column elementor-element elementor-element-6bb5ee7 elementor-hidden-phone\" data-id=\"6bb5ee7\" data-element_type=\"column\" data-settings=\"{&quot;hoteller_ext_link_sidemenu&quot;:&quot;false&quot;,&quot;hoteller_ext_link_fullmenu&quot;:&quot;false&quot;,&quot;hoteller_ext_link_closed_fullmenu&quot;:&quot;false&quot;,&quot;hoteller_ext_is_scrollme&quot;:&quot;false&quot;,&quot;hoteller_ext_is_smoove&quot;:&quot;false&quot;,&quot;hoteller_ext_is_parallax_mouse&quot;:&quot;false&quot;,&quot;hoteller_ext_is_infinite&quot;:&quot;false&quot;,&quot;hoteller_ext_is_fadeout_animation&quot;:&quot;false&quot;,&quot;hoteller_ext_mobile_static&quot;:&quot;false&quot;}\">\n\t\t\t<div class=\"elementor-widget-wrap\">\n\t\t\t\t\t\t\t<\/div>\n\t\t<\/div>\n\t\t\t\t\t<\/div>\n\t\t<\/section>\n\t\t\t\t<section class=\"elementor-section elementor-top-section elementor-element elementor-element-1e1f15a elementor-section-boxed elementor-section-height-default elementor-section-height-default\" data-id=\"1e1f15a\" data-element_type=\"section\" data-settings=\"{&quot;hoteller_ext_is_background_parallax&quot;:&quot;false&quot;,&quot;hoteller_ext_is_background_backdrop&quot;:&quot;false&quot;,&quot;hoteller_ext_is_background_on_scroll&quot;:&quot;false&quot;}\">\n\t\t\t\t\t\t<div class=\"elementor-container elementor-column-gap-default\">\n\t\t\t\t\t<div class=\"elementor-column elementor-col-100 elementor-top-column elementor-element elementor-element-844699f\" data-id=\"844699f\" data-element_type=\"column\" data-settings=\"{&quot;hoteller_ext_link_sidemenu&quot;:&quot;false&quot;,&quot;hoteller_ext_link_fullmenu&quot;:&quot;false&quot;,&quot;hoteller_ext_link_closed_fullmenu&quot;:&quot;false&quot;,&quot;hoteller_ext_is_scrollme&quot;:&quot;false&quot;,&quot;hoteller_ext_is_smoove&quot;:&quot;false&quot;,&quot;hoteller_ext_is_parallax_mouse&quot;:&quot;false&quot;,&quot;hoteller_ext_is_infinite&quot;:&quot;false&quot;,&quot;hoteller_ext_is_fadeout_animation&quot;:&quot;false&quot;,&quot;hoteller_ext_mobile_static&quot;:&quot;false&quot;}\">\n\t\t\t<div class=\"elementor-widget-wrap elementor-element-populated\">\n\t\t\t\t\t\t<div class=\"elementor-element elementor-element-af91126 elementor-widget elementor-widget-text-editor\" data-id=\"af91126\" data-element_type=\"widget\" data-settings=\"{&quot;hoteller_ext_link_sidemenu&quot;:&quot;false&quot;,&quot;hoteller_ext_link_fullmenu&quot;:&quot;false&quot;,&quot;hoteller_ext_link_closed_fullmenu&quot;:&quot;false&quot;,&quot;hoteller_ext_is_scrollme&quot;:&quot;false&quot;,&quot;hoteller_ext_is_smoove&quot;:&quot;false&quot;,&quot;hoteller_ext_is_parallax_mouse&quot;:&quot;false&quot;,&quot;hoteller_ext_is_infinite&quot;:&quot;false&quot;,&quot;hoteller_ext_is_fadeout_animation&quot;:&quot;false&quot;,&quot;hoteller_ext_mobile_static&quot;:&quot;false&quot;}\" data-widget_type=\"text-editor.default\">\n\t\t\t\t<div class=\"elementor-widget-container\">\n\t\t\t\t\t\t\t\t\t<p>Unser Fr\u00fchst\u00fcckbuffet kann individuell seperat gebucht werden.\u00a0<\/p>\t\t\t\t\t\t\t\t<\/div>\n\t\t\t\t<\/div>\n\t\t\t\t\t<\/div>\n\t\t<\/div>\n\t\t\t\t\t<\/div>\n\t\t<\/section>\n\t\t\t\t<section class=\"elementor-section elementor-top-section elementor-element elementor-element-ec41c21 elementor-section-stretched elementor-section-full_width elementor-section-height-default elementor-section-height-default\" data-id=\"ec41c21\" data-element_type=\"section\" data-settings=\"{&quot;stretch_section&quot;:&quot;section-stretched&quot;,&quot;hoteller_ext_is_background_parallax&quot;:&quot;false&quot;,&quot;hoteller_ext_is_background_backdrop&quot;:&quot;false&quot;,&quot;hoteller_ext_is_background_on_scroll&quot;:&quot;false&quot;}\">\n\t\t\t\t\t\t<div class=\"elementor-container elementor-column-gap-default\">\n\t\t\t\t\t<div class=\"elementor-column elementor-col-100 elementor-top-column elementor-element elementor-element-d466044\" data-id=\"d466044\" data-element_type=\"column\" data-settings=\"{&quot;hoteller_ext_link_sidemenu&quot;:&quot;false&quot;,&quot;hoteller_ext_link_fullmenu&quot;:&quot;false&quot;,&quot;hoteller_ext_link_closed_fullmenu&quot;:&quot;false&quot;,&quot;hoteller_ext_is_scrollme&quot;:&quot;false&quot;,&quot;hoteller_ext_is_smoove&quot;:&quot;false&quot;,&quot;hoteller_ext_is_parallax_mouse&quot;:&quot;false&quot;,&quot;hoteller_ext_is_infinite&quot;:&quot;false&quot;,&quot;hoteller_ext_is_fadeout_animation&quot;:&quot;false&quot;,&quot;hoteller_ext_mobile_static&quot;:&quot;false&quot;}\">\n\t\t\t<div class=\"elementor-widget-wrap elementor-element-populated\">\n\t\t\t\t\t\t<div class=\"elementor-element elementor-element-0868a26 elementor-invisible elementor-widget elementor-widget-hoteller-gallery-horizontal\" data-id=\"0868a26\" data-element_type=\"widget\" data-settings=\"{&quot;_animation&quot;:&quot;fadeIn&quot;,&quot;hoteller_ext_link_sidemenu&quot;:&quot;false&quot;,&quot;hoteller_ext_link_fullmenu&quot;:&quot;false&quot;,&quot;hoteller_ext_link_closed_fullmenu&quot;:&quot;false&quot;,&quot;hoteller_ext_is_scrollme&quot;:&quot;false&quot;,&quot;hoteller_ext_is_smoove&quot;:&quot;false&quot;,&quot;hoteller_ext_is_parallax_mouse&quot;:&quot;false&quot;,&quot;hoteller_ext_is_infinite&quot;:&quot;false&quot;,&quot;hoteller_ext_is_fadeout_animation&quot;:&quot;false&quot;,&quot;hoteller_ext_mobile_static&quot;:&quot;false&quot;}\" data-widget_type=\"hoteller-gallery-horizontal.default\">\n\t\t\t\t<div class=\"elementor-widget-container\">\n\t\t\t\t\t<div class=\"tg_horizontal_gallery_wrapper\" data-autoplay=\"0\" data-loop=\"0\" data-navigation=\"1\" data-pagination=\"0\" data-parallax=\"0\" data-fullscreen=\"0\">\n\t\t<div class=\"tg_horizontal_gallery_cell\" style=\"margin-right:20px\">\n\t\t\t\t\t\t<img class=\"tg_horizontal_gallery_cell_img\" data-flickity-lazyload=\"https:\/\/hotelhappy.de\/wp-content\/uploads\/2025\/05\/c889234799e865bbe90cee71f6cd2e53_XL.jpg\" alt=\"\" style=\"height:600px;\" \/>\n\t\t\t\t\t<\/div>\n<\/div>\n\t\t\t\t<\/div>\n\t\t\t\t<\/div>\n\t\t\t\t\t<\/div>\n\t\t<\/div>\n\t\t\t\t\t<\/div>\n\t\t<\/section>\n\t\t\t\t<section class=\"elementor-section elementor-top-section elementor-element elementor-element-58d1f61 elementor-section-boxed elementor-section-height-default elementor-section-height-default\" data-id=\"58d1f61\" data-element_type=\"section\" data-settings=\"{&quot;hoteller_ext_is_background_parallax&quot;:&quot;false&quot;,&quot;hoteller_ext_is_background_backdrop&quot;:&quot;false&quot;,&quot;hoteller_ext_is_background_on_scroll&quot;:&quot;false&quot;}\">\n\t\t\t\t\t\t<div class=\"elementor-container elementor-column-gap-default\">\n\t\t\t\t\t<div class=\"elementor-column elementor-col-50 elementor-top-column elementor-element elementor-element-a0d222a\" data-id=\"a0d222a\" data-element_type=\"column\" data-settings=\"{&quot;hoteller_ext_link_sidemenu&quot;:&quot;false&quot;,&quot;hoteller_ext_link_fullmenu&quot;:&quot;false&quot;,&quot;hoteller_ext_link_closed_fullmenu&quot;:&quot;false&quot;,&quot;hoteller_ext_is_scrollme&quot;:&quot;false&quot;,&quot;hoteller_ext_is_smoove&quot;:&quot;false&quot;,&quot;hoteller_ext_is_parallax_mouse&quot;:&quot;false&quot;,&quot;hoteller_ext_is_infinite&quot;:&quot;false&quot;,&quot;hoteller_ext_is_fadeout_animation&quot;:&quot;false&quot;,&quot;hoteller_ext_mobile_static&quot;:&quot;false&quot;}\">\n\t\t\t<div class=\"elementor-widget-wrap elementor-element-populated\">\n\t\t\t\t\t\t<div class=\"elementor-element elementor-element-37013f9 elementor-widget elementor-widget-image\" data-id=\"37013f9\" data-element_type=\"widget\" data-settings=\"{&quot;hoteller_image_is_animation&quot;:&quot;true&quot;,&quot;hoteller_image_animation_effect&quot;:&quot;slide_left&quot;,&quot;hoteller_ext_link_sidemenu&quot;:&quot;false&quot;,&quot;hoteller_ext_link_fullmenu&quot;:&quot;false&quot;,&quot;hoteller_ext_link_closed_fullmenu&quot;:&quot;false&quot;,&quot;hoteller_ext_is_scrollme&quot;:&quot;false&quot;,&quot;hoteller_ext_is_smoove&quot;:&quot;false&quot;,&quot;hoteller_ext_is_parallax_mouse&quot;:&quot;false&quot;,&quot;hoteller_ext_is_infinite&quot;:&quot;false&quot;,&quot;hoteller_ext_is_fadeout_animation&quot;:&quot;false&quot;,&quot;hoteller_ext_mobile_static&quot;:&quot;false&quot;}\" data-widget_type=\"image.default\">\n\t\t\t\t<div class=\"elementor-widget-container\">\n\t\t\t\t\t\t\t\t\t\t\t\t\t\t\t<img fetchpriority=\"high\" decoding=\"async\" width=\"883\" height=\"638\" src=\"https:\/\/hotelhappy.de\/wp-content\/uploads\/2025\/05\/077ab55046ce80eaf9a3ddea999597ca_XL-e1748204345853.jpg\" class=\"attachment-full size-full wp-image-2309\" alt=\"\" srcset=\"https:\/\/hotelhappy.de\/wp-content\/uploads\/2025\/05\/077ab55046ce80eaf9a3ddea999597ca_XL-e1748204345853.jpg 883w, https:\/\/hotelhappy.de\/wp-content\/uploads\/2025\/05\/077ab55046ce80eaf9a3ddea999597ca_XL-e1748204345853-300x217.jpg 300w, https:\/\/hotelhappy.de\/wp-content\/uploads\/2025\/05\/077ab55046ce80eaf9a3ddea999597ca_XL-e1748204345853-768x555.jpg 768w, https:\/\/hotelhappy.de\/wp-content\/uploads\/2025\/05\/077ab55046ce80eaf9a3ddea999597ca_XL-e1748204345853-18x12.jpg 18w, https:\/\/hotelhappy.de\/wp-content\/uploads\/2025\/05\/077ab55046ce80eaf9a3ddea999597ca_XL-e1748204345853-440x318.jpg 440w, https:\/\/hotelhappy.de\/wp-content\/uploads\/2025\/05\/077ab55046ce80eaf9a3ddea999597ca_XL-e1748204345853-600x434.jpg 600w\" sizes=\"(max-width: 883px) 100vw, 883px\" \/>\t\t\t\t\t\t\t\t\t\t\t\t\t\t\t<\/div>\n\t\t\t\t<\/div>\n\t\t\t\t\t<\/div>\n\t\t<\/div>\n\t\t\t\t<div class=\"elementor-column elementor-col-50 elementor-top-column elementor-element elementor-element-f16f82c\" data-id=\"f16f82c\" data-element_type=\"column\" data-settings=\"{&quot;hoteller_ext_link_sidemenu&quot;:&quot;false&quot;,&quot;hoteller_ext_link_fullmenu&quot;:&quot;false&quot;,&quot;hoteller_ext_link_closed_fullmenu&quot;:&quot;false&quot;,&quot;hoteller_ext_is_scrollme&quot;:&quot;false&quot;,&quot;hoteller_ext_is_smoove&quot;:&quot;false&quot;,&quot;hoteller_ext_is_parallax_mouse&quot;:&quot;false&quot;,&quot;hoteller_ext_is_infinite&quot;:&quot;false&quot;,&quot;hoteller_ext_is_fadeout_animation&quot;:&quot;false&quot;,&quot;hoteller_ext_mobile_static&quot;:&quot;false&quot;}\">\n\t\t\t<div class=\"elementor-widget-wrap elementor-element-populated\">\n\t\t\t\t\t\t<div class=\"elementor-element elementor-element-428fbb0 elementor-widget elementor-widget-text-editor\" data-id=\"428fbb0\" data-element_type=\"widget\" data-settings=\"{&quot;hoteller_ext_link_sidemenu&quot;:&quot;false&quot;,&quot;hoteller_ext_link_fullmenu&quot;:&quot;false&quot;,&quot;hoteller_ext_link_closed_fullmenu&quot;:&quot;false&quot;,&quot;hoteller_ext_is_scrollme&quot;:&quot;false&quot;,&quot;hoteller_ext_is_smoove&quot;:&quot;false&quot;,&quot;hoteller_ext_is_parallax_mouse&quot;:&quot;false&quot;,&quot;hoteller_ext_is_infinite&quot;:&quot;false&quot;,&quot;hoteller_ext_is_fadeout_animation&quot;:&quot;false&quot;,&quot;hoteller_ext_mobile_static&quot;:&quot;false&quot;}\" data-widget_type=\"text-editor.default\">\n\t\t\t\t<div class=\"elementor-widget-container\">\n\t\t\t\t\t\t\t\t\t<p class=\"p1\">Teilen Sie uns Ihre Fr\u00fchst\u00fcckzeit mit, damit wir uns besser vorbereiten k\u00f6nnen!<\/p>\t\t\t\t\t\t\t\t<\/div>\n\t\t\t\t<\/div>\n\t\t\t\t<div class=\"elementor-element elementor-element-32636f0 elementor-widget elementor-widget-hoteller-animated-text\" data-id=\"32636f0\" data-element_type=\"widget\" data-settings=\"{&quot;hoteller_ext_link_sidemenu&quot;:&quot;false&quot;,&quot;hoteller_ext_link_fullmenu&quot;:&quot;false&quot;,&quot;hoteller_ext_link_closed_fullmenu&quot;:&quot;false&quot;,&quot;hoteller_ext_is_scrollme&quot;:&quot;false&quot;,&quot;hoteller_ext_is_smoove&quot;:&quot;false&quot;,&quot;hoteller_ext_is_parallax_mouse&quot;:&quot;false&quot;,&quot;hoteller_ext_is_infinite&quot;:&quot;false&quot;,&quot;hoteller_ext_is_fadeout_animation&quot;:&quot;false&quot;,&quot;hoteller_ext_mobile_static&quot;:&quot;false&quot;}\" data-widget_type=\"hoteller-animated-text.default\">\n\t\t\t\t<div class=\"elementor-widget-container\">\n\t\t\t\t\t<div class=\"themegoods-animated-text text-alignment-left transition-bottom overflow-hidden\" data-delimiter=\"word\" data-transition=\"100\" data-transition-delay=\"100\" data-transition-duration=\"800\">\n\t\t<h2>\n\t\tBreakfast Buffet\t<\/h2>\n\t<\/div>\t\t\t\t<\/div>\n\t\t\t\t<\/div>\n\t\t\t\t<div class=\"elementor-element elementor-element-fa7d5ef elementor-widget elementor-widget-hoteller-food-menu\" data-id=\"fa7d5ef\" data-element_type=\"widget\" data-settings=\"{&quot;hoteller_ext_is_smoove&quot;:&quot;true&quot;,&quot;hoteller_ext_smoove_disable&quot;:&quot;769&quot;,&quot;hoteller_ext_smoove_duration&quot;:800,&quot;hoteller_ext_link_sidemenu&quot;:&quot;false&quot;,&quot;hoteller_ext_link_fullmenu&quot;:&quot;false&quot;,&quot;hoteller_ext_link_closed_fullmenu&quot;:&quot;false&quot;,&quot;hoteller_ext_is_scrollme&quot;:&quot;false&quot;,&quot;hoteller_ext_smoove_scalex&quot;:{&quot;unit&quot;:&quot;px&quot;,&quot;size&quot;:1,&quot;sizes&quot;:[]},&quot;hoteller_ext_smoove_scaley&quot;:{&quot;unit&quot;:&quot;px&quot;,&quot;size&quot;:1,&quot;sizes&quot;:[]},&quot;hoteller_ext_smoove_rotatex&quot;:{&quot;unit&quot;:&quot;px&quot;,&quot;size&quot;:0,&quot;sizes&quot;:[]},&quot;hoteller_ext_smoove_rotatey&quot;:{&quot;unit&quot;:&quot;px&quot;,&quot;size&quot;:0,&quot;sizes&quot;:[]},&quot;hoteller_ext_smoove_rotatez&quot;:{&quot;unit&quot;:&quot;px&quot;,&quot;size&quot;:0,&quot;sizes&quot;:[]},&quot;hoteller_ext_smoove_translatex&quot;:{&quot;unit&quot;:&quot;px&quot;,&quot;size&quot;:0,&quot;sizes&quot;:[]},&quot;hoteller_ext_smoove_translatey&quot;:{&quot;unit&quot;:&quot;px&quot;,&quot;size&quot;:0,&quot;sizes&quot;:[]},&quot;hoteller_ext_smoove_translatez&quot;:{&quot;unit&quot;:&quot;px&quot;,&quot;size&quot;:0,&quot;sizes&quot;:[]},&quot;hoteller_ext_smoove_skewx&quot;:{&quot;unit&quot;:&quot;px&quot;,&quot;size&quot;:0,&quot;sizes&quot;:[]},&quot;hoteller_ext_smoove_skewy&quot;:{&quot;unit&quot;:&quot;px&quot;,&quot;size&quot;:0,&quot;sizes&quot;:[]},&quot;hoteller_ext_smoove_perspective&quot;:{&quot;unit&quot;:&quot;px&quot;,&quot;size&quot;:1000,&quot;sizes&quot;:[]},&quot;hoteller_ext_is_parallax_mouse&quot;:&quot;false&quot;,&quot;hoteller_ext_is_infinite&quot;:&quot;false&quot;,&quot;hoteller_ext_is_fadeout_animation&quot;:&quot;false&quot;,&quot;hoteller_ext_mobile_static&quot;:&quot;false&quot;}\" data-widget_type=\"hoteller-food-menu.default\">\n\t\t\t\t<div class=\"elementor-widget-container\">\n\t\t\t\t\t<div class=\"food-menu-container\">\n<div class=\"food-menu-content-wrapper food-menu\">\n\t\t<div class=\"food-menu-grid-wrapper food-tooltip food-menu-1\" >\n\t\t\t\n\t\t\t\t\t\t\n\t\t\t\t\t\t\n\t\t\t\n\t\t\t<div class=\"food-menu-content no-food-img\">\n\t\t\t\t\n\t\t\t\t<div class=\"food-menu-content-top-holder\">\n\t\t\t\t\t<div class=\"food-menu-content-title-holder\">\n\t\t\t\t\t\t<h3 class=\"food-menu-title\">Fr\u00fchst\u00fcck pro Person<\/h3>\n\t\t\t\t\t<\/div>\n\t\t\t\t\t\n\t\t\t\t\t<div class=\"food-menu-content-title-line\"><\/div>\n\t\t\t\t\t\n\t\t\t\t\t\t\t\t\t\t<div class=\"food-menu-content-price-holder\">\n\t\t\t\t\t\t\t\t\t\t\t\t\n\t\t\t\t\t\t\t\t\t\t\t\t<span class=\"food-menu-content-price-normal\">\n\t\t\t\t\t\t\t\u20ac 8\t\t\t\t\t\t<\/span>\n\t\t\t\t\t\t\t\t\t\t\t<\/div>\n\t\t\t\t\t\t\t\t\t<\/div>\n\t\t\t\t\n\t\t\t\t<div class=\"food-menu-desc\">frisches Br\u00f6tchen, Eier, Obst, Milch,  M\u00fcsli, Kaffee, Saft, Joghurt etc.<\/div>\n\t\t\t<\/div>\n\t\t<\/div>\n<\/div>\n<\/div>\t\t\t\t<\/div>\n\t\t\t\t<\/div>\n\t\t\t\t\t<\/div>\n\t\t<\/div>\n\t\t\t\t\t<\/div>\n\t\t<\/section>\n\t\t\t\t<\/div>","protected":false},"excerpt":{"rendered":"<p>Wir bieten ein Fr\u00fchst\u00fccksbuffet mit gesunder Ern\u00e4hrung! Unser Fr\u00fchst\u00fcckbuffet kann individuell seperat gebucht werden.\u00a0 Teilen Sie uns Ihre Fr\u00fchst\u00fcckzeit mit, damit wir uns besser vorbereiten k\u00f6nnen! Fr\u00fchst\u00fcckbuffet Fr\u00fchst\u00fcck pro Person \u20ac 8 frisches Br\u00f6tchen, Eier, Obst, Milch, M\u00fcsli, Kaffee, Saft, [&hellip;]<\/p>","protected":false},"author":1,"featured_media":0,"parent":0,"menu_order":0,"comment_status":"closed","ping_status":"closed","template":"elementor_header_footer","meta":{"_monsterinsights_skip_tracking":false,"_monsterinsights_sitenote_active":false,"_monsterinsights_sitenote_note":"","_monsterinsights_sitenote_category":0,"_uf_show_specific_survey":0,"_uf_disable_surveys":false,"footnotes":""},"class_list":["post-632","page","type-page","status-publish","hentry"],"aioseo_notices":[],"jetpack_sharing_enabled":true,"_links":{"self":[{"href":"https:\/\/hotelhappy.de\/en\/wp-json\/wp\/v2\/pages\/632","targetHints":{"allow":["GET"]}}],"collection":[{"href":"https:\/\/hotelhappy.de\/en\/wp-json\/wp\/v2\/pages"}],"about":[{"href":"https:\/\/hotelhappy.de\/en\/wp-json\/wp\/v2\/types\/page"}],"author":[{"embeddable":true,"href":"https:\/\/hotelhappy.de\/en\/wp-json\/wp\/v2\/users\/1"}],"replies":[{"embeddable":true,"href":"https:\/\/hotelhappy.de\/en\/wp-json\/wp\/v2\/comments?post=632"}],"version-history":[{"count":4,"href":"https:\/\/hotelhappy.de\/en\/wp-json\/wp\/v2\/pages\/632\/revisions"}],"predecessor-version":[{"id":2478,"href":"https:\/\/hotelhappy.de\/en\/wp-json\/wp\/v2\/pages\/632\/revisions\/2478"}],"wp:attachment":[{"href":"https:\/\/hotelhappy.de\/en\/wp-json\/wp\/v2\/media?parent=632"}],"curies":[{"name":"wp","href":"https:\/\/api.w.org\/{rel}","templated":true}]}}